{"id":1246,"date":"2019-12-26T16:03:45","date_gmt":"2019-12-26T15:03:45","guid":{"rendered":"https:\/\/eichengruen-karlsdorf.de\/egk2017\/?page_id=1246"},"modified":"2023-10-17T18:25:29","modified_gmt":"2023-10-17T16:25:29","slug":"gaudischiessen","status":"publish","type":"page","link":"https:\/\/eichengruen-karlsdorf.de\/egk2017\/tradition\/gaudischiessen\/","title":{"rendered":"Gaudischie\u00dfen"},"content":{"rendered":"<p><strong><img loading=\"lazy\" decoding=\"async\" class=\"alignleft size-thumbnail wp-image-1286\" src=\"https:\/\/eichengruen-karlsdorf.de\/egk2017\/wp-content\/uploads\/2020\/01\/air-pistol-479428_640-2-150x150.jpg\" alt=\"\" width=\"150\" height=\"150\" \/>Wir veranstalten am 22.10.2023 unser zweites &#8222;Gaudischie\u00dfen in Karlsdorf&#8220;.<\/strong><\/p>\n<p>Jeder der schon 8 Jahre alt ist kann bereits mit dem Lichtgewehr oder der Lichtpistole mitmachen. Es ist egal, ob du noch Sch\u00fcler oder schon im wohlverdienten Ruhestand bist, es ist egal ob du ein aktiver Sch\u00fctze bist oder ob du bisher noch nie ein Luftgewehr in der Hand hattest. Jeder ist willkommen.<br \/>\nDie Sportger\u00e4te werden von uns zur Verf\u00fcgung gestellt, Schie\u00dfbekleidung ist (bis auf eine Schie\u00dfbrille oder Brille) nicht gestattet.<\/p>\n<p>Das Gaudischie\u00dfen bietet euch die ideale Gelegenheit einmal den Schie\u00dfsport<br \/>\nauszuprobieren. Vorkenntnisse sind nicht notwendig, denn auch ge\u00fcbte Sch\u00fctzen haben<br \/>\ndurch den Gaudi-Modus keinen Vorteil in diesem Wettbewerb.<\/p>\n<p>Es wird eine Mannschaftswertung und eine Einzelwertung geben. Alle Sch\u00fctzen bekommen einen Sachpreis. Die besten Sch\u00fctzen werden mit Sonderpreis belohnt.<br \/>\nEine Mannschaft besteht dabei aus jeweils drei Personen, deren Alter gerne komplett unterschiedlich sein kann. Bei der Mannschafts- sowie der Einzelwertung steht vor allem der<br \/>\nGaudi-Charakter im Vordergrund.<\/p>\n<p>Nat\u00fcrlich ist am Veranstaltungstag auch f\u00fcr das leibliche Wohl gesorgt!<br \/>\nWir starten um 10:00 Uhr mit einem gro\u00dfen Wei\u00dfwurstfr\u00fchst\u00fcck und ab 14:00 Uhr Kaffee und Kuchen.<\/p>\n<p>Die Preisverleihung findet im Anschluss, also am gleichen Tag ab ca. 15:00 Uhr statt.<\/p>\n<p>Die gesamte Ausschreibung mit den genauen Beschreibungen zu den einzelnen Disziplinen, Altersklassen und Wertungen findet ihr hier:\u00a0<a href=\"https:\/\/eichengruen-karlsdorf.de\/egk2017\/wp-content\/uploads\/2023\/10\/Ausschreibung-Gaudischiessen-in-Karlsdorf-2023.pdf\">Gaudischiessen-in-Karlsdorf-2023.pdf<\/a><\/p>\n<p>Die Eichengr\u00fcn Sch\u00fctzen freuen sich auf einen lustigen Tag mit euch und stehen nat\u00fcrlich den ganzen Tag f\u00fcr Fragen rund um den Schie\u00dfsport.<\/p>\n<p>Schauts vorbei, wir g\u2019frein uns!<\/p>\n<p>Bitte meldet euch hier an. Anmeldeschluss ist der 15.10.2023:<br \/>\n<strong>Update 17.10.2023: Die Anmeldung wurde nun deaktivert<code class=\"shortcode-tag\"><\/code><\/strong><\/p>\n","protected":false},"excerpt":{"rendered":"<p>Wir veranstalten am 22.10.2023 unser zweites &#8222;Gaudischie\u00dfen in Karlsdorf&#8220;. Jeder der schon 8 Jahre alt ist kann bereits mit dem Lichtgewehr oder der Lichtpistole mitmachen. Es ist egal, ob du &#8230; <a title=\"Gaudischie\u00dfen\" class=\"read-more\" href=\"https:\/\/eichengruen-karlsdorf.de\/egk2017\/tradition\/gaudischiessen\/\" aria-label=\"Mehr Informationen \u00fcber Gaudischie\u00dfen\">Weiterlesen<\/a><\/p>\n","protected":false},"author":4,"featured_media":0,"parent":113,"menu_order":0,"comment_status":"closed","ping_status":"closed","template":"","meta":{"footnotes":""},"class_list":["post-1246","page","type-page","status-publish"],"_links":{"self":[{"href":"https:\/\/eichengruen-karlsdorf.de\/egk2017\/wp-json\/wp\/v2\/pages\/1246","targetHints":{"allow":["GET"]}}],"collection":[{"href":"https:\/\/eichengruen-karlsdorf.de\/egk2017\/wp-json\/wp\/v2\/pages"}],"about":[{"href":"https:\/\/eichengruen-karlsdorf.de\/egk2017\/wp-json\/wp\/v2\/types\/page"}],"author":[{"embeddable":true,"href":"https:\/\/eichengruen-karlsdorf.de\/egk2017\/wp-json\/wp\/v2\/users\/4"}],"replies":[{"embeddable":true,"href":"https:\/\/eichengruen-karlsdorf.de\/egk2017\/wp-json\/wp\/v2\/comments?post=1246"}],"version-history":[{"count":26,"href":"https:\/\/eichengruen-karlsdorf.de\/egk2017\/wp-json\/wp\/v2\/pages\/1246\/revisions"}],"predecessor-version":[{"id":1556,"href":"https:\/\/eichengruen-karlsdorf.de\/egk2017\/wp-json\/wp\/v2\/pages\/1246\/revisions\/1556"}],"up":[{"embeddable":true,"href":"https:\/\/eichengruen-karlsdorf.de\/egk2017\/wp-json\/wp\/v2\/pages\/113"}],"wp:attachment":[{"href":"https:\/\/eichengruen-karlsdorf.de\/egk2017\/wp-json\/wp\/v2\/media?parent=1246"}],"curies":[{"name":"wp","href":"https:\/\/api.w.org\/{rel}","templated":true}]}}