{"id":484,"date":"2017-12-22T10:43:18","date_gmt":"2017-12-22T09:43:18","guid":{"rendered":"http:\/\/www.eichengruen-karlsdorf.de\/egk2017\/?page_id=484"},"modified":"2017-12-22T10:47:24","modified_gmt":"2017-12-22T09:47:24","slug":"probeschiessen","status":"publish","type":"page","link":"https:\/\/eichengruen-karlsdorf.de\/egk2017\/verein\/probeschiessen\/","title":{"rendered":"Probeschie\u00dfen"},"content":{"rendered":"<div id=\"pl-484\"  class=\"panel-layout\" >\n<div id=\"pg-484-0\"  class=\"panel-grid panel-no-style\" >\n<div id=\"pgc-484-0-0\"  class=\"panel-grid-cell\"  data-weight=\"1\" >\n<div id=\"panel-484-0-0-0\" class=\"so-panel widget widget_sow-image panel-first-child\" data-index=\"0\" data-style=\"{&quot;background_display&quot;:&quot;tile&quot;}\" >[siteorigin_widget class=&#8220;SiteOrigin_Widget_Image_Widget&#8220;]<input type=\"hidden\" value=\"{&quot;instance&quot;:{&quot;image&quot;:485,&quot;image_fallback&quot;:&quot;&quot;,&quot;size&quot;:&quot;medium&quot;,&quot;align&quot;:&quot;default&quot;,&quot;title&quot;:&quot;&quot;,&quot;title_position&quot;:&quot;hidden&quot;,&quot;alt&quot;:&quot;&quot;,&quot;url&quot;:&quot;&quot;,&quot;bound&quot;:true,&quot;_sow_form_id&quot;:&quot;5a3cd442a7a1e&quot;,&quot;_sow_form_timestamp&quot;:&quot;1513935990007&quot;,&quot;new_window&quot;:false,&quot;full_width&quot;:false},&quot;args&quot;:{&quot;before_widget&quot;:&quot;&lt;div id=\\&quot;panel-484-0-0-0\\&quot; class=\\&quot;so-panel widget widget_sow-image panel-first-child\\&quot; data-index=\\&quot;0\\&quot; data-style=\\&quot;{&amp;quot;background_display&amp;quot;:&amp;quot;tile&amp;quot;}\\&quot; &gt;&quot;,&quot;after_widget&quot;:&quot;&lt;\\\/div&gt;&quot;,&quot;before_title&quot;:&quot;&lt;h3 class=\\&quot;widget-title\\&quot;&gt;&quot;,&quot;after_title&quot;:&quot;&lt;\\\/h3&gt;&quot;,&quot;widget_id&quot;:&quot;widget-0-0-0&quot;}}\" \/>[\/siteorigin_widget]<\/div>\n<div id=\"panel-484-0-0-1\" class=\"so-panel widget widget_sow-editor panel-last-child\" data-index=\"1\" data-style=\"{&quot;background_image_attachment&quot;:false,&quot;background_display&quot;:&quot;tile&quot;}\" >\n<div class=\"so-widget-sow-editor so-widget-sow-editor-base\">\n<div class=\"siteorigin-widget-tinymce textwidget\">\n<p>Du kannst jederzeit einfach zum Probeschie\u00dfen am Vereinsabend (immer Freitags) vorbeikommen. Momentan trainieren wir die Sch\u00fcler am Freitag zwischen 18:30 Uhr und 19:30 Uhr.<br \/> Wir k\u00f6nnen aber auch einen gesonderten Termin ausmachen (bitte einfach bei <a href=\"\/egk2017\/verein\/vorstandschaft\/\">einem Jugendsportleiter oder Sportleiter<\/a> anfragen).<\/p>\n<p>Wenn dir das sportliche Schie\u00dfen Spa\u00df macht und du gerne regelm\u00e4\u00dfig bei uns Trainieren m\u00f6chtest, oder f\u00fcr unseren Verein an Wettk\u00e4mpfen teilnehmen willst, dann kannst du auf der Seite <a href=\"\/egk2017\/verein\/mitglied-werden\/\">Mitglied werden<\/a> weitere Infos dazu erfahren.<\/p>\n<\/div>\n<\/div>\n<\/div>\n<\/div>\n<\/div>\n<\/div>\n","protected":false},"excerpt":{"rendered":"<p>[siteorigin_widget class=&#8220;SiteOrigin_Widget_Image_Widget&#8220;][\/siteorigin_widget] Du kannst jederzeit einfach zum Probeschie\u00dfen am Vereinsabend (immer Freitags) vorbeikommen. Momentan trainieren wir die Sch\u00fcler am Freitag zwischen 18:30 Uhr und 19:30 Uhr. Wir k\u00f6nnen aber auch &#8230; <a title=\"Probeschie\u00dfen\" class=\"read-more\" href=\"https:\/\/eichengruen-karlsdorf.de\/egk2017\/verein\/probeschiessen\/\" aria-label=\"Mehr Informationen \u00fcber Probeschie\u00dfen\">Weiterlesen<\/a><\/p>\n","protected":false},"author":4,"featured_media":0,"parent":14,"menu_order":0,"comment_status":"closed","ping_status":"closed","template":"","meta":{"footnotes":""},"class_list":["post-484","page","type-page","status-publish"],"_links":{"self":[{"href":"https:\/\/eichengruen-karlsdorf.de\/egk2017\/wp-json\/wp\/v2\/pages\/484","targetHints":{"allow":["GET"]}}],"collection":[{"href":"https:\/\/eichengruen-karlsdorf.de\/egk2017\/wp-json\/wp\/v2\/pages"}],"about":[{"href":"https:\/\/eichengruen-karlsdorf.de\/egk2017\/wp-json\/wp\/v2\/types\/page"}],"author":[{"embeddable":true,"href":"https:\/\/eichengruen-karlsdorf.de\/egk2017\/wp-json\/wp\/v2\/users\/4"}],"replies":[{"embeddable":true,"href":"https:\/\/eichengruen-karlsdorf.de\/egk2017\/wp-json\/wp\/v2\/comments?post=484"}],"version-history":[{"count":10,"href":"https:\/\/eichengruen-karlsdorf.de\/egk2017\/wp-json\/wp\/v2\/pages\/484\/revisions"}],"predecessor-version":[{"id":496,"href":"https:\/\/eichengruen-karlsdorf.de\/egk2017\/wp-json\/wp\/v2\/pages\/484\/revisions\/496"}],"up":[{"embeddable":true,"href":"https:\/\/eichengruen-karlsdorf.de\/egk2017\/wp-json\/wp\/v2\/pages\/14"}],"wp:attachment":[{"href":"https:\/\/eichengruen-karlsdorf.de\/egk2017\/wp-json\/wp\/v2\/media?parent=484"}],"curies":[{"name":"wp","href":"https:\/\/api.w.org\/{rel}","templated":true}]}}