{"id":504,"date":"2017-12-22T11:08:50","date_gmt":"2017-12-22T10:08:50","guid":{"rendered":"http:\/\/www.eichengruen-karlsdorf.de\/egk2017\/?page_id=504"},"modified":"2025-07-17T19:00:44","modified_gmt":"2025-07-17T17:00:44","slug":"vereinsabend","status":"publish","type":"page","link":"https:\/\/eichengruen-karlsdorf.de\/egk2017\/verein\/vereinsabend\/","title":{"rendered":"Vereinsabend"},"content":{"rendered":"<p>Unsere Vereinsabende finden immer Freitags statt.<img loading=\"lazy\" decoding=\"async\" class=\"alignright size-full wp-image-92\" src=\"\/egk2017\/wp-content\/uploads\/2017\/11\/Logo_230.png\" alt=\"\" width=\"240\" height=\"310\" srcset=\"https:\/\/eichengruen-karlsdorf.de\/egk2017\/wp-content\/uploads\/2017\/11\/Logo_230.png 240w, https:\/\/eichengruen-karlsdorf.de\/egk2017\/wp-content\/uploads\/2017\/11\/Logo_230-232x300.png 232w\" sizes=\"auto, (max-width: 240px) 100vw, 240px\" \/><\/p>\n<p>Der Schie\u00dfbetrieb\/Training am Freitag wie folgt gegliedert:<br \/>\n\u2013 18:30 bis 20:00 Uhr: Sch\u00fcler Training<br \/>\n\u2013 20:00 bis 22:00 Uhr: Freies Training<\/p>\n<p>Gerne kannst du an unseren Schie\u00dfabenden einfach vorbeikommen und mit uns \u00fcber den Verein, den Schie\u00dfsport und nat\u00fcrlich auch alles andere reden.<br \/>\nNat\u00fcrlich ist auch f\u00fcr das leibliche Wohl gesorgt!<\/p>\n<p>Wir k\u00f6nnen am Freitag auch gerne ein <a href=\"\/egk2017\/verein\/probeschiessen\/\">Probeschie\u00dfen<\/a> machen. Die Jugendsportleiter und Sportleiter stehen Freitags mit Rat und Tat zur Verf\u00fcgung und k\u00f6nnen mit euch die Techniken verfeinern und trainieren.<\/p>\n","protected":false},"excerpt":{"rendered":"<p>Unsere Vereinsabende finden immer Freitags statt. Der Schie\u00dfbetrieb\/Training am Freitag wie folgt gegliedert: \u2013 18:30 bis 20:00 Uhr: Sch\u00fcler Training \u2013 20:00 bis 22:00 Uhr: Freies Training Gerne kannst du &#8230; <a title=\"Vereinsabend\" class=\"read-more\" href=\"https:\/\/eichengruen-karlsdorf.de\/egk2017\/verein\/vereinsabend\/\" aria-label=\"Mehr Informationen \u00fcber Vereinsabend\">Weiterlesen<\/a><\/p>\n","protected":false},"author":4,"featured_media":0,"parent":14,"menu_order":0,"comment_status":"closed","ping_status":"closed","template":"","meta":{"footnotes":""},"class_list":["post-504","page","type-page","status-publish"],"_links":{"self":[{"href":"https:\/\/eichengruen-karlsdorf.de\/egk2017\/wp-json\/wp\/v2\/pages\/504","targetHints":{"allow":["GET"]}}],"collection":[{"href":"https:\/\/eichengruen-karlsdorf.de\/egk2017\/wp-json\/wp\/v2\/pages"}],"about":[{"href":"https:\/\/eichengruen-karlsdorf.de\/egk2017\/wp-json\/wp\/v2\/types\/page"}],"author":[{"embeddable":true,"href":"https:\/\/eichengruen-karlsdorf.de\/egk2017\/wp-json\/wp\/v2\/users\/4"}],"replies":[{"embeddable":true,"href":"https:\/\/eichengruen-karlsdorf.de\/egk2017\/wp-json\/wp\/v2\/comments?post=504"}],"version-history":[{"count":5,"href":"https:\/\/eichengruen-karlsdorf.de\/egk2017\/wp-json\/wp\/v2\/pages\/504\/revisions"}],"predecessor-version":[{"id":1819,"href":"https:\/\/eichengruen-karlsdorf.de\/egk2017\/wp-json\/wp\/v2\/pages\/504\/revisions\/1819"}],"up":[{"embeddable":true,"href":"https:\/\/eichengruen-karlsdorf.de\/egk2017\/wp-json\/wp\/v2\/pages\/14"}],"wp:attachment":[{"href":"https:\/\/eichengruen-karlsdorf.de\/egk2017\/wp-json\/wp\/v2\/media?parent=504"}],"curies":[{"name":"wp","href":"https:\/\/api.w.org\/{rel}","templated":true}]}}