{"id":78,"date":"2017-11-09T21:29:01","date_gmt":"2017-11-09T20:29:01","guid":{"rendered":"http:\/\/www.eichengruen-karlsdorf.de\/egk2017\/?page_id=78"},"modified":"2017-12-22T10:50:54","modified_gmt":"2017-12-22T09:50:54","slug":"mitglied-werden","status":"publish","type":"page","link":"https:\/\/eichengruen-karlsdorf.de\/egk2017\/verein\/mitglied-werden\/","title":{"rendered":"Mitglied werden"},"content":{"rendered":"<p>Wenn du Freude am Schie\u00dfsport hast oder dir gef\u00e4llt was wir sonst so alles machen, dann w\u00fcrden wir dich gerne einladen Mitglied zu werden. Du kannst auch jederzeit einfach zum Probeschie\u00dfen am Vereinsabend (immer Freitags) vorbeikommen. Weitere Infos gibt&#8217;s hierzu auf der Seite <a href=\"\/egk2017\/verein\/probeschiessen\/\">Probeschie\u00dfen<\/a>.<\/p>\n<p>Wie jeder Verein sind wir um jedes neue Mitglied dankbar, und freuen uns wenn du uns mit deinem Engagement unterst\u00fctzt.<\/p>\n<p>Da wir sehr bem\u00fcht sind unsere J\u00fcngsten zu unterst\u00fctzen haben wir vereinbart, dass Sch\u00fcler in unserem Verein keinen Mitgliedsbeitrag bezahlen m\u00fcssen.<\/p>\n<p>Gerne kannst du an unseren Schie\u00dfabenden einfach vorbeikommen und mit uns \u00fcber den Verein, den Schie\u00dfsport und nat\u00fcrlich auch alles andere reden. Wie oben schon erw\u00e4hnt k\u00f6nnen wir hier auch jederzeit ein <a href=\"\/egk2017\/verein\/probeschiessen\/\">Probeschie\u00dfen<\/a> machen.<\/p>\n<p>Das Formular bzw. den Mitgliedsantrag zum Ausf\u00fcllen kannst du auf der Download Seite herunterladen: <a href=\"\/egk2017\/verein\/downloads\/\">Downloads<\/a><\/p>\n","protected":false},"excerpt":{"rendered":"<p>Wenn du Freude am Schie\u00dfsport hast oder dir gef\u00e4llt was wir sonst so alles machen, dann w\u00fcrden wir dich gerne einladen Mitglied zu werden. Du kannst auch jederzeit einfach zum &#8230; <a title=\"Mitglied werden\" class=\"read-more\" href=\"https:\/\/eichengruen-karlsdorf.de\/egk2017\/verein\/mitglied-werden\/\" aria-label=\"Mehr Informationen \u00fcber Mitglied werden\">Weiterlesen<\/a><\/p>\n","protected":false},"author":4,"featured_media":0,"parent":14,"menu_order":0,"comment_status":"closed","ping_status":"closed","template":"","meta":{"footnotes":""},"class_list":["post-78","page","type-page","status-publish"],"_links":{"self":[{"href":"https:\/\/eichengruen-karlsdorf.de\/egk2017\/wp-json\/wp\/v2\/pages\/78","targetHints":{"allow":["GET"]}}],"collection":[{"href":"https:\/\/eichengruen-karlsdorf.de\/egk2017\/wp-json\/wp\/v2\/pages"}],"about":[{"href":"https:\/\/eichengruen-karlsdorf.de\/egk2017\/wp-json\/wp\/v2\/types\/page"}],"author":[{"embeddable":true,"href":"https:\/\/eichengruen-karlsdorf.de\/egk2017\/wp-json\/wp\/v2\/users\/4"}],"replies":[{"embeddable":true,"href":"https:\/\/eichengruen-karlsdorf.de\/egk2017\/wp-json\/wp\/v2\/comments?post=78"}],"version-history":[{"count":13,"href":"https:\/\/eichengruen-karlsdorf.de\/egk2017\/wp-json\/wp\/v2\/pages\/78\/revisions"}],"predecessor-version":[{"id":499,"href":"https:\/\/eichengruen-karlsdorf.de\/egk2017\/wp-json\/wp\/v2\/pages\/78\/revisions\/499"}],"up":[{"embeddable":true,"href":"https:\/\/eichengruen-karlsdorf.de\/egk2017\/wp-json\/wp\/v2\/pages\/14"}],"wp:attachment":[{"href":"https:\/\/eichengruen-karlsdorf.de\/egk2017\/wp-json\/wp\/v2\/media?parent=78"}],"curies":[{"name":"wp","href":"https:\/\/api.w.org\/{rel}","templated":true}]}}